{"id":7,"date":"2019-08-30T07:58:57","date_gmt":"2019-08-30T07:58:57","guid":{"rendered":"http:\/\/nowclean.cl\/?page_id=7"},"modified":"2023-01-24T13:03:39","modified_gmt":"2023-01-24T16:03:39","slug":"one-page-express","status":"publish","type":"page","link":"https:\/\/nowclean.cl\/","title":{"rendered":"P\u00e1gina Principal"},"content":{"rendered":"<div  data-label=\"Metodos de Pago\" data-id=\"clients-strip-section\" data-category=\"clients\" class=\"clients-strip-section\" id=\"metodos-de-pago\" style=\"background-color: rgb(246, 246, 246);\"> <div  class=\"row_187\" data-type=\"row\" data-add-content=\"false\">  <div  class=\"clients-strip-itemcol cp1cols\"> <div  class=\"middle_align1\"><a href=\"https:\/\/nowclean.cl?page_id=533\" target=\"_self\" rel=\"noopener\"><img  decoding=\"async\" class=\"clients-strip-itemimg\" src=\"https:\/\/nowclean.cl\/wp-content\/uploads\/2023\/01\/logo_webpay.png\"><\/a> <\/div> <\/div><div  class=\"clients-strip-itemcol cp1cols\"> <div  class=\"middle_align1\"><a href=\"https:\/\/nowclean.cl?page_id=533\" target=\"_self\" rel=\"noopener\"><img  decoding=\"async\" class=\"clients-strip-itemimg\" src=\"https:\/\/nowclean.cl\/wp-content\/uploads\/2023\/01\/logo_onepay.png\"><\/a> <\/div> <\/div><div  class=\"clients-strip-itemcol cp1cols\"> <div  class=\"middle_align1\"><a href=\"https:\/\/nowclean.cl?page_id=533\" target=\"_self\" rel=\"noopener\"><img  decoding=\"async\" class=\"clients-strip-itemimg\" src=\"https:\/\/nowclean.cl\/wp-content\/uploads\/2023\/01\/BP_Servipag_peq.png\"><\/a> <\/div> <\/div><div  class=\"clients-strip-itemcol cp1cols\"> <div  class=\"middle_align1\"><a href=\"#\" target=\"_self\" rel=\"noopener\"><img  decoding=\"async\" class=\"clients-strip-itemimg\" src=\"https:\/\/nowclean.cl\/wp-content\/uploads\/2023\/01\/TRANSFERENCIA-BANCARIA-1.png\"><\/a> <\/div> <\/div><div  class=\"clients-strip-itemcol cp1cols\"> <div  class=\"middle_align1\"><a href=\"#\" target=\"_self\" rel=\"noopener\"><img  decoding=\"async\" class=\"clients-strip-itemimg\" src=\"https:\/\/nowclean.cl\/wp-content\/uploads\/2023\/01\/PAGOEFECTIVO.png\"><\/a> <\/div> <\/div><div  class=\"clients-strip-itemcol cp1cols\"> <div  class=\"middle_align1\"><a href=\"https:\/\/nowclean.cl?page_id=533\" target=\"_self\" rel=\"noopener\"><img  decoding=\"async\" class=\"clients-strip-itemimg\" src=\"https:\/\/nowclean.cl\/wp-content\/uploads\/2023\/01\/logo_transfer.png\"><\/a> <\/div> <\/div>   <div  class=\"clients-strip-itemcol cp1cols\"> <div  class=\"middle_align1\"><a href=\"https:\/\/nowclean.cl?page_id=533\" target=\"_self\" rel=\"noopener\"><img  decoding=\"async\" class=\"clients-strip-itemimg\" src=\"https:\/\/nowclean.cl\/wp-content\/uploads\/2023\/01\/logo_mach.png\"><\/a> <\/div> <\/div> <div  class=\"clients-strip-itemcol cp1cols\"> <div  class=\"middle_align1\"><a href=\"https:\/\/nowclean.cl?page_id=533\" target=\"_self\" rel=\"noopener\"><img  decoding=\"async\" class=\"clients-strip-itemimg\" src=\"https:\/\/nowclean.cl\/wp-content\/uploads\/2023\/01\/logo_multicaja_peq.png\"><\/a> <\/div> <\/div><div  class=\"clients-strip-itemcol cp1cols\"> <div  class=\"middle_align1\"><a href=\"https:\/\/nowclean.cl?page_id=533\" target=\"_self\" rel=\"noopener\"><img  decoding=\"async\" class=\"clients-strip-itemimg\" src=\"https:\/\/nowclean.cl\/wp-content\/uploads\/2023\/01\/logo_fpay200.png\"><\/a> <\/div> <\/div> <div  class=\"clients-strip-itemcol cp1cols\"> <div  class=\"middle_align1\"><a href=\"https:\/\/nowclean.cl?page_id=533\" target=\"_self\" rel=\"noopener\"><img  decoding=\"async\" class=\"clients-strip-itemimg\" src=\"https:\/\/nowclean.cl\/wp-content\/uploads\/2023\/01\/logo_check.png\"><\/a> <\/div> <\/div><div  class=\"clients-strip-itemcol cp1cols\"> <div  class=\"middle_align1\"><a href=\"https:\/\/nowclean.cl?page_id=533\" target=\"_self\" rel=\"noopener\"><img  decoding=\"async\" class=\"clients-strip-itemimg\" src=\"https:\/\/nowclean.cl\/wp-content\/uploads\/2023\/01\/logo-flow.png\"><\/a> <\/div> <\/div><\/div><\/div><div  data-label=\"Barrido y lavado mecanizado 2\" data-id=\"content-full-left-image-section\" data-category=\"content\" class=\"content-full-left-image-section\" id=\"barrido-y-lavado-mecanizado-2\" style=\"background-color: rgb(246, 246, 246);\"> <div  class=\"content-full-left-image-innerrow gridContainer\"> <div  data-bg=\"image\" class=\"content-full-left-image-imgcol\" style=\"background-image: url(&quot;https:\/\/nowclean.cl\/wp-content\/uploads\/2021\/06\/WhatsApp-Image-2021-06-17-at-20.10.51-1.jpeg&quot;);\"><\/div> <div  class=\"content-full-left-image-textcol dynamic-color\"> <div  data-type=\"column\" class=\"\"> <h5  class=\"\">SERVICIO<\/h5> <h2  class=\"\">BARRIDO Y LAVADO MECANIZADO<\/h2> <p  class=\"\">Entregamos un servicio profesional y de alta calidad adapt\u00e1ndonos a los requerimientos de cada cliente. Utilizamos maquinaria de aseo industrial de alta eficiencia y calidad para grandes espacios.<\/p> <\/div> <div  class=\"content-full-left-image-featuresrow\"> <div  class=\"content-full-left-image-featurescol\" data-type=\"column\"> <h5  class=\"\">Servicio de barrido\/aspirado de estacionamientos y bodegas.<\/h5>    <a class=\"button blue\" href=\"https:\/\/nowclean.cl?page_id=30#page-content\" target=\"_self\" rel=\"noopener\">Cotizar<\/a><\/div> <div  class=\"content-full-left-image-featurescol\" data-type=\"column\"> <h5  class=\"\">Servicio de lavado de piso grandes superficies con vaculavadoras hombre a bordo.<\/h5>    <\/div> <\/div> <\/div> <\/div><\/div><div  data-label=\"Mantencin de pisos 2\" data-id=\"content-full-right-image-section\" data-category=\"content\" class=\"content-full-right-image-section\" id=\"mantencin-de-pisos-2\" style=\"background-color: rgb(246, 246, 246);\"> <div  class=\"content-full-right-image-innerrow gridContainer\"> <div  class=\"content-full-right-image-textcol dynamic-color\"> <div  data-type=\"column\" class=\"\"> <h5  class=\"\">SERVICIO<\/h5> <h2  class=\"\">MANTENCI\u00d3N DE PISOS<\/h2> <p  class=\"\">Entregamos un servicio profesional y de alta calidad adapt\u00e1ndonos a los requerimientos de cada cliente. Utilizamos maquinaria de aseo industrial de alta eficiencia y calidad para grandes espacios.<\/p> <\/div> <div  class=\"content-full-right-image-featuresrow\"> <div  class=\"content-full-right-image-featurescol\" data-type=\"column\">   <h5  class=\"\">Decapado de pisos.<\/h5>  <h5  class=\"\">Aplicaci\u00f3n de sellos acr\u00edlicos y ceras de alto tr\u00e1fico.<\/h5><a class=\"button blue\" href=\"https:\/\/nowclean.cl?page_id=30#page-content\" target=\"_self\" rel=\"noopener\">COTIZAR<\/a><\/div> <div  class=\"content-full-right-image-featurescol\" data-type=\"column\">   <h5  class=\"\">Limpieza y abrillantado<\/h5>  <h5  class=\"\">Limpieza de pisos alfombrados.<\/h5><\/div> <\/div> <\/div> <div  data-bg=\"image\" class=\"content-full-right-image-imgcol\" style=\"background-image: url(&quot;https:\/\/nowclean.cl\/wp-content\/uploads\/2021\/06\/WhatsApp-Image-2021-06-17-at-20.10.51-2.jpeg&quot;);\"><\/div> <\/div><\/div><div  data-label=\"Limpieza Industrial\" data-id=\"content-image-left\" data-category=\"content\" class=\"content-left-image-section content-image-left\" id=\"limpieza-industrial\" style=\"background-color: rgb(246, 246, 246);\"> <div  class=\"\"> <div  class=\"row\"> <div  class=\"content-left-image-imgcol\" data-type=\"column\"> <img  decoding=\"async\" src=\"https:\/\/nowclean.cl\/wp-content\/uploads\/2021\/06\/WhatsApp-Image-2021-06-17-at-20.10.50.jpeg\" class=\"\" alt=\"\"> <\/div> <div  class=\"content-left-image-textcol dynamic-color\" data-type=\"column\"> <h5  class=\"\">SERVICIO<\/h5><h2  class=\"\">LIMPIEZA INDUSTRIAL<\/h2> <p  class=\"large_text\"> Entregamos servicio integral de limpieza tanto de las \u00e1reas interiores como a maquinarias, equipos productivos como a exteriores de industrias.<\/p>  <h5  class=\"\">Limpieza en plantas de procesos industriales.<\/h5><h5  class=\"\">Limpieza de infraestructura, \u00e1reas de procesos y l\u00edneas de producci\u00f3n.<\/h5><h5  class=\"\">Sanitizaci\u00f3n y desinfecci\u00f3n en \u00e1reas productivas.<\/h5><h5  class=\"\">Limpieza en t\u00e9rminos de obras de contrucci\u00f3n.<\/h5><a class=\"button blue\" href=\"https:\/\/nowclean.cl?page_id=30#page-content\" target=\"_self\" rel=\"noopener\">COTIZAR<\/a><\/div> <\/div> <\/div> <\/div><div  data-label=\"Mantencion de espacios\" data-id=\"content-image-right\" data-category=\"content\" class=\"content-right-image-section content-image-right\" id=\"mantencion-de-espacios\" style=\"background-color: rgb(246, 246, 246);\"> <div  class=\"\"> <div  class=\"content-right-image-gridcol\"> <div  class=\"content-right-image-textcol dynamic-color\" data-type=\"column\"> <h5  class=\"\">SERVICIOS<\/h5><h2  class=\"\">MANTENCI\u00d3N DE ESPACIOS<\/h2> <p  class=\"large_text\"> Realizamos limpieza de diferentes espacios interiores, exteriores y comunes, con diferentes maquinarias como: vaporizadores, nebulizadores, maquinaria de inyecci\u00f3n y extracci\u00f3n, hidrolavadoras, entre otros.<\/p> <h5  class=\"\">Limpieza y sanitizaci\u00f3n.<\/h5><h5  class=\"\">Limpieza de tapices<\/h5><h5  class=\"\">Limpieza a vapor. Servicio de hidrolavado.<\/h5> <a class=\"button blue\" href=\"https:\/\/nowclean.cl?page_id=30#page-content\" target=\"_self\" rel=\"noopener\">COTIZAR<\/a><\/div> <div  class=\"content-right-image-imgcol\" data-type=\"column\"> <img  decoding=\"async\" src=\"https:\/\/nowclean.cl\/wp-content\/uploads\/2021\/06\/WhatsApp-Image-2021-06-17-at-20.10.51.jpeg\" class=\"\" alt=\"\"> <\/div> <\/div> <\/div> <\/div>","protected":false},"excerpt":{"rendered":"<p>SERVICIO BARRIDO Y LAVADO MECANIZADO Entregamos un servicio profesional y de alta calidad adapt\u00e1ndonos a los requerimientos de cada cliente. Utilizamos maquinaria de aseo industrial de alta eficiencia y calidad para grandes espacios. Servicio de barrido\/aspirado de estacionamientos y bodegas. Cotizar Servicio de lavado de piso grandes superficies con vaculavadoras hombre a bordo. SERVICIO MANTENCI\u00d3N&hellip; <br \/> <a class=\"button small blue\" href=\"https:\/\/nowclean.cl\/\">Read more<\/a><\/p>\n","protected":false},"author":1,"featured_media":0,"parent":0,"menu_order":1,"comment_status":"closed","ping_status":"closed","template":"","meta":{"_joinchat":[]},"yoast_head":"<!-- This site is optimized with the Yoast SEO plugin v20.0 - https:\/\/yoast.com\/wordpress\/plugins\/seo\/ -->\n<title>P\u00e1gina Principal &ndash; NowClean<\/title>\n<meta name=\"robots\" content=\"index, follow, max-snippet:-1, max-image-preview:large, max-video-preview:-1\" \/>\n<link rel=\"canonical\" href=\"https:\/\/nowclean.cl\/\" \/>\n<meta property=\"og:locale\" content=\"es_ES\" \/>\n<meta property=\"og:type\" content=\"article\" \/>\n<meta property=\"og:title\" content=\"P\u00e1gina Principal &ndash; NowClean\" \/>\n<meta property=\"og:description\" content=\"SERVICIO BARRIDO Y LAVADO MECANIZADO Entregamos un servicio profesional y de alta calidad adapt\u00e1ndonos a los requerimientos de cada cliente. Utilizamos maquinaria de aseo industrial de alta eficiencia y calidad para grandes espacios. Servicio de barrido\/aspirado de estacionamientos y bodegas. Cotizar Servicio de lavado de piso grandes superficies con vaculavadoras hombre a bordo. SERVICIO MANTENCI\u00d3N&hellip; Read more\" \/>\n<meta property=\"og:url\" content=\"https:\/\/nowclean.cl\/\" \/>\n<meta property=\"og:site_name\" content=\"NowClean\" \/>\n<meta property=\"article:modified_time\" content=\"2023-01-24T16:03:39+00:00\" \/>\n<meta property=\"og:image\" content=\"https:\/\/nowclean.cl\/wp-content\/uploads\/2023\/01\/logo_webpay.png\" \/>\n<meta name=\"twitter:card\" content=\"summary_large_image\" \/>\n<meta name=\"twitter:label1\" content=\"Est. reading time\" \/>\n\t<meta name=\"twitter:data1\" content=\"3 minutos\" \/>\n<script type=\"application\/ld+json\" class=\"yoast-schema-graph\">{\"@context\":\"https:\/\/schema.org\",\"@graph\":[{\"@type\":\"WebPage\",\"@id\":\"https:\/\/nowclean.cl\/\",\"url\":\"https:\/\/nowclean.cl\/\",\"name\":\"P\u00e1gina Principal &ndash; NowClean\",\"isPartOf\":{\"@id\":\"https:\/\/nowclean.cl\/#website\"},\"datePublished\":\"2019-08-30T07:58:57+00:00\",\"dateModified\":\"2023-01-24T16:03:39+00:00\",\"breadcrumb\":{\"@id\":\"https:\/\/nowclean.cl\/#breadcrumb\"},\"inLanguage\":\"es-CL\",\"potentialAction\":[{\"@type\":\"ReadAction\",\"target\":[\"https:\/\/nowclean.cl\/\"]}]},{\"@type\":\"BreadcrumbList\",\"@id\":\"https:\/\/nowclean.cl\/#breadcrumb\",\"itemListElement\":[{\"@type\":\"ListItem\",\"position\":1,\"name\":\"Portada\",\"item\":\"https:\/\/nowclean.cl\/\"},{\"@type\":\"ListItem\",\"position\":2,\"name\":\"P\u00e1gina Principal\"}]},{\"@type\":\"WebSite\",\"@id\":\"https:\/\/nowclean.cl\/#website\",\"url\":\"https:\/\/nowclean.cl\/\",\"name\":\"NowClean\",\"description\":\"Especialistas a tu servicio\",\"publisher\":{\"@id\":\"https:\/\/nowclean.cl\/#organization\"},\"potentialAction\":[{\"@type\":\"SearchAction\",\"target\":{\"@type\":\"EntryPoint\",\"urlTemplate\":\"https:\/\/nowclean.cl\/?s={search_term_string}\"},\"query-input\":\"required name=search_term_string\"}],\"inLanguage\":\"es-CL\"},{\"@type\":\"Organization\",\"@id\":\"https:\/\/nowclean.cl\/#organization\",\"name\":\"NowClean\",\"url\":\"https:\/\/nowclean.cl\/\",\"logo\":{\"@type\":\"ImageObject\",\"inLanguage\":\"es-CL\",\"@id\":\"https:\/\/nowclean.cl\/#\/schema\/logo\/image\/\",\"url\":\"https:\/\/nowclean.cl\/wp-content\/uploads\/2023\/01\/cropped-new_nowclean.png\",\"contentUrl\":\"https:\/\/nowclean.cl\/wp-content\/uploads\/2023\/01\/cropped-new_nowclean.png\",\"width\":631,\"height\":436,\"caption\":\"NowClean\"},\"image\":{\"@id\":\"https:\/\/nowclean.cl\/#\/schema\/logo\/image\/\"}}]}<\/script>\n<!-- \/ Yoast SEO plugin. -->","yoast_head_json":{"title":"P\u00e1gina Principal &ndash; NowClean","robots":{"index":"index","follow":"follow","max-snippet":"max-snippet:-1","max-image-preview":"max-image-preview:large","max-video-preview":"max-video-preview:-1"},"canonical":"https:\/\/nowclean.cl\/","og_locale":"es_ES","og_type":"article","og_title":"P\u00e1gina Principal &ndash; NowClean","og_description":"SERVICIO BARRIDO Y LAVADO MECANIZADO Entregamos un servicio profesional y de alta calidad adapt\u00e1ndonos a los requerimientos de cada cliente. Utilizamos maquinaria de aseo industrial de alta eficiencia y calidad para grandes espacios. Servicio de barrido\/aspirado de estacionamientos y bodegas. Cotizar Servicio de lavado de piso grandes superficies con vaculavadoras hombre a bordo. SERVICIO MANTENCI\u00d3N&hellip; Read more","og_url":"https:\/\/nowclean.cl\/","og_site_name":"NowClean","article_modified_time":"2023-01-24T16:03:39+00:00","og_image":[{"url":"https:\/\/nowclean.cl\/wp-content\/uploads\/2023\/01\/logo_webpay.png"}],"twitter_card":"summary_large_image","twitter_misc":{"Est. reading time":"3 minutos"},"schema":{"@context":"https:\/\/schema.org","@graph":[{"@type":"WebPage","@id":"https:\/\/nowclean.cl\/","url":"https:\/\/nowclean.cl\/","name":"P\u00e1gina Principal &ndash; NowClean","isPartOf":{"@id":"https:\/\/nowclean.cl\/#website"},"datePublished":"2019-08-30T07:58:57+00:00","dateModified":"2023-01-24T16:03:39+00:00","breadcrumb":{"@id":"https:\/\/nowclean.cl\/#breadcrumb"},"inLanguage":"es-CL","potentialAction":[{"@type":"ReadAction","target":["https:\/\/nowclean.cl\/"]}]},{"@type":"BreadcrumbList","@id":"https:\/\/nowclean.cl\/#breadcrumb","itemListElement":[{"@type":"ListItem","position":1,"name":"Portada","item":"https:\/\/nowclean.cl\/"},{"@type":"ListItem","position":2,"name":"P\u00e1gina Principal"}]},{"@type":"WebSite","@id":"https:\/\/nowclean.cl\/#website","url":"https:\/\/nowclean.cl\/","name":"NowClean","description":"Especialistas a tu servicio","publisher":{"@id":"https:\/\/nowclean.cl\/#organization"},"potentialAction":[{"@type":"SearchAction","target":{"@type":"EntryPoint","urlTemplate":"https:\/\/nowclean.cl\/?s={search_term_string}"},"query-input":"required name=search_term_string"}],"inLanguage":"es-CL"},{"@type":"Organization","@id":"https:\/\/nowclean.cl\/#organization","name":"NowClean","url":"https:\/\/nowclean.cl\/","logo":{"@type":"ImageObject","inLanguage":"es-CL","@id":"https:\/\/nowclean.cl\/#\/schema\/logo\/image\/","url":"https:\/\/nowclean.cl\/wp-content\/uploads\/2023\/01\/cropped-new_nowclean.png","contentUrl":"https:\/\/nowclean.cl\/wp-content\/uploads\/2023\/01\/cropped-new_nowclean.png","width":631,"height":436,"caption":"NowClean"},"image":{"@id":"https:\/\/nowclean.cl\/#\/schema\/logo\/image\/"}}]}},"_links":{"self":[{"href":"https:\/\/nowclean.cl\/index.php?rest_route=\/wp\/v2\/pages\/7"}],"collection":[{"href":"https:\/\/nowclean.cl\/index.php?rest_route=\/wp\/v2\/pages"}],"about":[{"href":"https:\/\/nowclean.cl\/index.php?rest_route=\/wp\/v2\/types\/page"}],"author":[{"embeddable":true,"href":"https:\/\/nowclean.cl\/index.php?rest_route=\/wp\/v2\/users\/1"}],"replies":[{"embeddable":true,"href":"https:\/\/nowclean.cl\/index.php?rest_route=%2Fwp%2Fv2%2Fcomments&post=7"}],"version-history":[{"count":86,"href":"https:\/\/nowclean.cl\/index.php?rest_route=\/wp\/v2\/pages\/7\/revisions"}],"predecessor-version":[{"id":553,"href":"https:\/\/nowclean.cl\/index.php?rest_route=\/wp\/v2\/pages\/7\/revisions\/553"}],"wp:attachment":[{"href":"https:\/\/nowclean.cl\/index.php?rest_route=%2Fwp%2Fv2%2Fmedia&parent=7"}],"curies":[{"name":"wp","href":"https:\/\/api.w.org\/{rel}","templated":true}]}}