{"id":533,"date":"2023-01-24T12:33:26","date_gmt":"2023-01-24T15:33:26","guid":{"rendered":"https:\/\/nowclean.cl\/?page_id=533"},"modified":"2023-01-24T12:46:50","modified_gmt":"2023-01-24T15:46:50","slug":"pago-servicios","status":"publish","type":"page","link":"https:\/\/nowclean.cl\/?page_id=533","title":{"rendered":"Pago Servicios"},"content":{"rendered":"\t\t<div data-elementor-type=\"wp-page\" data-elementor-id=\"533\" class=\"elementor elementor-533\">\n\t\t\t\t\t\t\t\t\t<section class=\"elementor-section elementor-top-section elementor-element elementor-element-1bad828 elementor-section-boxed elementor-section-height-default elementor-section-height-default\" data-id=\"1bad828\" data-element_type=\"section\">\n\t\t\t\t\t\t<div class=\"elementor-container elementor-column-gap-default\">\n\t\t\t\t\t<div class=\"elementor-column elementor-col-66 elementor-top-column elementor-element elementor-element-20bf3dd\" data-id=\"20bf3dd\" data-element_type=\"column\">\n\t\t\t<div class=\"elementor-widget-wrap elementor-element-populated\">\n\t\t\t\t\t\t\t\t<div class=\"elementor-element elementor-element-215b2a8 elementor-widget elementor-widget-heading\" data-id=\"215b2a8\" data-element_type=\"widget\" data-widget_type=\"heading.default\">\n\t\t\t\t<div class=\"elementor-widget-container\">\n\t\t\t<style>\/*! elementor - v3.10.1 - 17-01-2023 *\/\n.elementor-heading-title{padding:0;margin:0;line-height:1}.elementor-widget-heading .elementor-heading-title[class*=elementor-size-]>a{color:inherit;font-size:inherit;line-height:inherit}.elementor-widget-heading .elementor-heading-title.elementor-size-small{font-size:15px}.elementor-widget-heading .elementor-heading-title.elementor-size-medium{font-size:19px}.elementor-widget-heading .elementor-heading-title.elementor-size-large{font-size:29px}.elementor-widget-heading .elementor-heading-title.elementor-size-xl{font-size:39px}.elementor-widget-heading .elementor-heading-title.elementor-size-xxl{font-size:59px}<\/style><h2 class=\"elementor-heading-title elementor-size-default\">Pago de Servicios<\/h2>\t\t<\/div>\n\t\t\t\t<\/div>\n\t\t\t\t<div class=\"elementor-element elementor-element-2c456dd elementor-widget elementor-widget-image\" data-id=\"2c456dd\" data-element_type=\"widget\" data-widget_type=\"image.default\">\n\t\t\t\t<div class=\"elementor-widget-container\">\n\t\t\t<style>\/*! elementor - v3.10.1 - 17-01-2023 *\/\n.elementor-widget-image{text-align:center}.elementor-widget-image a{display:inline-block}.elementor-widget-image a img[src$=\".svg\"]{width:48px}.elementor-widget-image img{vertical-align:middle;display:inline-block}<\/style>\t\t\t\t\t\t\t\t\t\t\t\t<img decoding=\"async\" width=\"300\" height=\"60\" src=\"https:\/\/nowclean.cl\/wp-content\/uploads\/2023\/01\/logo-flow-300x60.png\" class=\"attachment-medium size-medium wp-image-510\" alt=\"\" loading=\"lazy\" srcset=\"https:\/\/nowclean.cl\/wp-content\/uploads\/2023\/01\/logo-flow-300x60.png 300w, https:\/\/nowclean.cl\/wp-content\/uploads\/2023\/01\/logo-flow.png 500w\" sizes=\"(max-width: 300px) 100vw, 300px\" \/>\t\t\t\t\t\t\t\t\t\t\t\t\t\t\t<\/div>\n\t\t\t\t<\/div>\n\t\t\t\t<div class=\"elementor-element elementor-element-b719531 elementor-widget elementor-widget-text-editor\" data-id=\"b719531\" data-element_type=\"widget\" data-widget_type=\"text-editor.default\">\n\t\t\t\t<div class=\"elementor-widget-container\">\n\t\t\t<style>\/*! elementor - v3.10.1 - 17-01-2023 *\/\n.elementor-widget-text-editor.elementor-drop-cap-view-stacked .elementor-drop-cap{background-color:#818a91;color:#fff}.elementor-widget-text-editor.elementor-drop-cap-view-framed .elementor-drop-cap{color:#818a91;border:3px solid;background-color:transparent}.elementor-widget-text-editor:not(.elementor-drop-cap-view-default) .elementor-drop-cap{margin-top:8px}.elementor-widget-text-editor:not(.elementor-drop-cap-view-default) .elementor-drop-cap-letter{width:1em;height:1em}.elementor-widget-text-editor .elementor-drop-cap{float:left;text-align:center;line-height:1;font-size:50px}.elementor-widget-text-editor .elementor-drop-cap-letter{display:inline-block}<\/style>\t\t\t\t<p>Realiza el pago de los servicios contratados con previa confirmaci\u00f3n del equipo de ventas.<br \/>Presiona sobre el siguiente bot\u00f3n para ser dirigido al portal de pagos.<\/p>\t\t\t\t\t\t<\/div>\n\t\t\t\t<\/div>\n\t\t\t\t<div class=\"elementor-element elementor-element-4d77c43 elementor-widget elementor-widget-button\" data-id=\"4d77c43\" data-element_type=\"widget\" data-widget_type=\"button.default\">\n\t\t\t\t<div class=\"elementor-widget-container\">\n\t\t\t\t\t<div class=\"elementor-button-wrapper\">\n\t\t\t<a href=\"https:\/\/www.flow.cl\/btn.php?token=apxvoty\" class=\"elementor-button-link elementor-button elementor-size-sm\" role=\"button\">\n\t\t\t\t\t\t<span class=\"elementor-button-content-wrapper\">\n\t\t\t\t\t\t<span class=\"elementor-button-text\">PAGA AQU\u00cd<\/span>\n\t\t<\/span>\n\t\t\t\t\t<\/a>\n\t\t<\/div>\n\t\t\t\t<\/div>\n\t\t\t\t<\/div>\n\t\t\t\t\t<\/div>\n\t\t<\/div>\n\t\t\t\t<div class=\"elementor-column elementor-col-33 elementor-top-column elementor-element elementor-element-f8e119a\" data-id=\"f8e119a\" data-element_type=\"column\">\n\t\t\t<div class=\"elementor-widget-wrap elementor-element-populated\">\n\t\t\t\t\t\t\t\t<div class=\"elementor-element elementor-element-7a8e609 elementor-widget elementor-widget-heading\" data-id=\"7a8e609\" data-element_type=\"widget\" data-widget_type=\"heading.default\">\n\t\t\t\t<div class=\"elementor-widget-container\">\n\t\t\t<h2 class=\"elementor-heading-title elementor-size-default\">Pago QR<\/h2>\t\t<\/div>\n\t\t\t\t<\/div>\n\t\t\t\t<div class=\"elementor-element elementor-element-b366506 elementor-widget elementor-widget-image\" data-id=\"b366506\" data-element_type=\"widget\" data-widget_type=\"image.default\">\n\t\t\t\t<div class=\"elementor-widget-container\">\n\t\t\t\t\t\t\t\t\t\t\t\t\t\t\t<img decoding=\"async\" width=\"200\" height=\"200\" src=\"https:\/\/nowclean.cl\/wp-content\/uploads\/2023\/01\/QR-Pagos.png\" class=\"attachment-large size-large wp-image-534\" alt=\"\" loading=\"lazy\" srcset=\"https:\/\/nowclean.cl\/wp-content\/uploads\/2023\/01\/QR-Pagos.png 200w, https:\/\/nowclean.cl\/wp-content\/uploads\/2023\/01\/QR-Pagos-150x150.png 150w, https:\/\/nowclean.cl\/wp-content\/uploads\/2023\/01\/QR-Pagos-100x100.png 100w\" sizes=\"(max-width: 200px) 100vw, 200px\" \/>\t\t\t\t\t\t\t\t\t\t\t\t\t\t\t<\/div>\n\t\t\t\t<\/div>\n\t\t\t\t\t<\/div>\n\t\t<\/div>\n\t\t\t\t\t\t\t<\/div>\n\t\t<\/section>\n\t\t\t\t\t\t\t<\/div>\n\t\t","protected":false},"excerpt":{"rendered":"<p>Pago de Servicios Realiza el pago de los servicios contratados con previa confirmaci\u00f3n del equipo de ventas.Presiona sobre el siguiente bot\u00f3n para ser dirigido al portal de pagos. PAGA AQU\u00cd Pago QR<\/p>\n","protected":false},"author":1,"featured_media":0,"parent":0,"menu_order":0,"comment_status":"closed","ping_status":"closed","template":"","meta":{"_joinchat":[]},"yoast_head":"<!-- This site is optimized with the Yoast SEO plugin v20.0 - https:\/\/yoast.com\/wordpress\/plugins\/seo\/ -->\n<title>Pago Servicios &ndash; NowClean<\/title>\n<meta name=\"robots\" content=\"index, follow, max-snippet:-1, max-image-preview:large, max-video-preview:-1\" \/>\n<link rel=\"canonical\" href=\"https:\/\/nowclean.cl\/?page_id=533\" \/>\n<meta property=\"og:locale\" content=\"es_ES\" \/>\n<meta property=\"og:type\" content=\"article\" \/>\n<meta property=\"og:title\" content=\"Pago Servicios &ndash; NowClean\" \/>\n<meta property=\"og:description\" content=\"Pago de Servicios Realiza el pago de los servicios contratados con previa confirmaci\u00f3n del equipo de ventas.Presiona sobre el siguiente bot\u00f3n para ser dirigido al portal de pagos. PAGA AQU\u00cd Pago QR\" \/>\n<meta property=\"og:url\" content=\"https:\/\/nowclean.cl\/?page_id=533\" \/>\n<meta property=\"og:site_name\" content=\"NowClean\" \/>\n<meta property=\"article:modified_time\" content=\"2023-01-24T15:46:50+00:00\" \/>\n<meta property=\"og:image\" content=\"https:\/\/nowclean.cl\/wp-content\/uploads\/2023\/01\/logo-flow-300x60.png\" \/>\n<meta name=\"twitter:card\" content=\"summary_large_image\" \/>\n<meta name=\"twitter:label1\" content=\"Est. reading time\" \/>\n\t<meta name=\"twitter:data1\" content=\"1 minuto\" \/>\n<script type=\"application\/ld+json\" class=\"yoast-schema-graph\">{\"@context\":\"https:\/\/schema.org\",\"@graph\":[{\"@type\":\"WebPage\",\"@id\":\"https:\/\/nowclean.cl\/?page_id=533\",\"url\":\"https:\/\/nowclean.cl\/?page_id=533\",\"name\":\"Pago Servicios &ndash; NowClean\",\"isPartOf\":{\"@id\":\"https:\/\/nowclean.cl\/#website\"},\"datePublished\":\"2023-01-24T15:33:26+00:00\",\"dateModified\":\"2023-01-24T15:46:50+00:00\",\"breadcrumb\":{\"@id\":\"https:\/\/nowclean.cl\/?page_id=533#breadcrumb\"},\"inLanguage\":\"es-CL\",\"potentialAction\":[{\"@type\":\"ReadAction\",\"target\":[\"https:\/\/nowclean.cl\/?page_id=533\"]}]},{\"@type\":\"BreadcrumbList\",\"@id\":\"https:\/\/nowclean.cl\/?page_id=533#breadcrumb\",\"itemListElement\":[{\"@type\":\"ListItem\",\"position\":1,\"name\":\"Portada\",\"item\":\"https:\/\/nowclean.cl\/\"},{\"@type\":\"ListItem\",\"position\":2,\"name\":\"Pago Servicios\"}]},{\"@type\":\"WebSite\",\"@id\":\"https:\/\/nowclean.cl\/#website\",\"url\":\"https:\/\/nowclean.cl\/\",\"name\":\"NowClean\",\"description\":\"Especialistas a tu servicio\",\"publisher\":{\"@id\":\"https:\/\/nowclean.cl\/#organization\"},\"potentialAction\":[{\"@type\":\"SearchAction\",\"target\":{\"@type\":\"EntryPoint\",\"urlTemplate\":\"https:\/\/nowclean.cl\/?s={search_term_string}\"},\"query-input\":\"required name=search_term_string\"}],\"inLanguage\":\"es-CL\"},{\"@type\":\"Organization\",\"@id\":\"https:\/\/nowclean.cl\/#organization\",\"name\":\"NowClean\",\"url\":\"https:\/\/nowclean.cl\/\",\"logo\":{\"@type\":\"ImageObject\",\"inLanguage\":\"es-CL\",\"@id\":\"https:\/\/nowclean.cl\/#\/schema\/logo\/image\/\",\"url\":\"https:\/\/nowclean.cl\/wp-content\/uploads\/2023\/01\/cropped-new_nowclean.png\",\"contentUrl\":\"https:\/\/nowclean.cl\/wp-content\/uploads\/2023\/01\/cropped-new_nowclean.png\",\"width\":631,\"height\":436,\"caption\":\"NowClean\"},\"image\":{\"@id\":\"https:\/\/nowclean.cl\/#\/schema\/logo\/image\/\"}}]}<\/script>\n<!-- \/ Yoast SEO plugin. -->","yoast_head_json":{"title":"Pago Servicios &ndash; NowClean","robots":{"index":"index","follow":"follow","max-snippet":"max-snippet:-1","max-image-preview":"max-image-preview:large","max-video-preview":"max-video-preview:-1"},"canonical":"https:\/\/nowclean.cl\/?page_id=533","og_locale":"es_ES","og_type":"article","og_title":"Pago Servicios &ndash; NowClean","og_description":"Pago de Servicios Realiza el pago de los servicios contratados con previa confirmaci\u00f3n del equipo de ventas.Presiona sobre el siguiente bot\u00f3n para ser dirigido al portal de pagos. PAGA AQU\u00cd Pago QR","og_url":"https:\/\/nowclean.cl\/?page_id=533","og_site_name":"NowClean","article_modified_time":"2023-01-24T15:46:50+00:00","og_image":[{"url":"https:\/\/nowclean.cl\/wp-content\/uploads\/2023\/01\/logo-flow-300x60.png"}],"twitter_card":"summary_large_image","twitter_misc":{"Est. reading time":"1 minuto"},"schema":{"@context":"https:\/\/schema.org","@graph":[{"@type":"WebPage","@id":"https:\/\/nowclean.cl\/?page_id=533","url":"https:\/\/nowclean.cl\/?page_id=533","name":"Pago Servicios &ndash; NowClean","isPartOf":{"@id":"https:\/\/nowclean.cl\/#website"},"datePublished":"2023-01-24T15:33:26+00:00","dateModified":"2023-01-24T15:46:50+00:00","breadcrumb":{"@id":"https:\/\/nowclean.cl\/?page_id=533#breadcrumb"},"inLanguage":"es-CL","potentialAction":[{"@type":"ReadAction","target":["https:\/\/nowclean.cl\/?page_id=533"]}]},{"@type":"BreadcrumbList","@id":"https:\/\/nowclean.cl\/?page_id=533#breadcrumb","itemListElement":[{"@type":"ListItem","position":1,"name":"Portada","item":"https:\/\/nowclean.cl\/"},{"@type":"ListItem","position":2,"name":"Pago Servicios"}]},{"@type":"WebSite","@id":"https:\/\/nowclean.cl\/#website","url":"https:\/\/nowclean.cl\/","name":"NowClean","description":"Especialistas a tu servicio","publisher":{"@id":"https:\/\/nowclean.cl\/#organization"},"potentialAction":[{"@type":"SearchAction","target":{"@type":"EntryPoint","urlTemplate":"https:\/\/nowclean.cl\/?s={search_term_string}"},"query-input":"required name=search_term_string"}],"inLanguage":"es-CL"},{"@type":"Organization","@id":"https:\/\/nowclean.cl\/#organization","name":"NowClean","url":"https:\/\/nowclean.cl\/","logo":{"@type":"ImageObject","inLanguage":"es-CL","@id":"https:\/\/nowclean.cl\/#\/schema\/logo\/image\/","url":"https:\/\/nowclean.cl\/wp-content\/uploads\/2023\/01\/cropped-new_nowclean.png","contentUrl":"https:\/\/nowclean.cl\/wp-content\/uploads\/2023\/01\/cropped-new_nowclean.png","width":631,"height":436,"caption":"NowClean"},"image":{"@id":"https:\/\/nowclean.cl\/#\/schema\/logo\/image\/"}}]}},"_links":{"self":[{"href":"https:\/\/nowclean.cl\/index.php?rest_route=\/wp\/v2\/pages\/533"}],"collection":[{"href":"https:\/\/nowclean.cl\/index.php?rest_route=\/wp\/v2\/pages"}],"about":[{"href":"https:\/\/nowclean.cl\/index.php?rest_route=\/wp\/v2\/types\/page"}],"author":[{"embeddable":true,"href":"https:\/\/nowclean.cl\/index.php?rest_route=\/wp\/v2\/users\/1"}],"replies":[{"embeddable":true,"href":"https:\/\/nowclean.cl\/index.php?rest_route=%2Fwp%2Fv2%2Fcomments&post=533"}],"version-history":[{"count":3,"href":"https:\/\/nowclean.cl\/index.php?rest_route=\/wp\/v2\/pages\/533\/revisions"}],"predecessor-version":[{"id":538,"href":"https:\/\/nowclean.cl\/index.php?rest_route=\/wp\/v2\/pages\/533\/revisions\/538"}],"wp:attachment":[{"href":"https:\/\/nowclean.cl\/index.php?rest_route=%2Fwp%2Fv2%2Fmedia&parent=533"}],"curies":[{"name":"wp","href":"https:\/\/api.w.org\/{rel}","templated":true}]}}